{"id":2468,"date":"2024-06-12T15:10:47","date_gmt":"2024-06-12T13:10:47","guid":{"rendered":"https:\/\/tpb-hamburg.com\/amenagement-du-paysage\/"},"modified":"2024-06-26T10:03:40","modified_gmt":"2024-06-26T08:03:40","slug":"amenagement-du-paysage","status":"publish","type":"page","link":"https:\/\/tpb-hamburg.com\/fr\/services\/amenagement-du-paysage\/","title":{"rendered":"Am\u00e9nagement du paysage"},"content":{"rendered":"\t\t<div data-elementor-type=\"wp-page\" data-elementor-id=\"2468\" class=\"elementor elementor-2468 elementor-667\" data-elementor-post-type=\"page\">\n\t\t\t\t<div class=\"elementor-element elementor-element-724c827 e-con-full e-flex e-con e-parent\" data-id=\"724c827\" data-element_type=\"container\" data-e-type=\"container\">\n\t\t\t\t<div class=\"elementor-element elementor-element-20dffc8 elementor-widget elementor-widget-template\" data-id=\"20dffc8\" data-element_type=\"widget\" data-e-type=\"widget\" data-widget_type=\"template.default\">\n\t\t\t\t<div class=\"elementor-widget-container\">\n\t\t\t\t\t\t\t<div class=\"elementor-template\">\n\t\t\t\t\t<div data-elementor-type=\"container\" data-elementor-id=\"2864\" class=\"elementor elementor-2864 elementor-289 elementor-289\" data-elementor-post-type=\"elementor_library\">\n\t\t\t\t<div class=\"elementor-element elementor-element-247eb439 e-flex e-con-boxed e-con e-parent\" data-id=\"247eb439\" data-element_type=\"container\" data-e-type=\"container\" data-settings=\"{&quot;background_background&quot;:&quot;classic&quot;}\">\n\t\t\t\t\t<div class=\"e-con-inner\">\n\t\t\t\t<div class=\"elementor-element elementor-element-3067f3fb elementor-widget elementor-widget-heading\" data-id=\"3067f3fb\" data-element_type=\"widget\" data-e-type=\"widget\" data-widget_type=\"heading.default\">\n\t\t\t\t<div class=\"elementor-widget-container\">\n\t\t\t\t\t<h1 class=\"elementor-heading-title elementor-size-default\">Am\u00e9nagement du paysage<\/h1>\t\t\t\t<\/div>\n\t\t\t\t<\/div>\n\t\t\t\t\t<\/div>\n\t\t\t\t<\/div>\n\t\t\t\t<\/div>\n\t\t\t\t<\/div>\n\t\t\t\t\t\t<\/div>\n\t\t\t\t<\/div>\n\t\t\t\t<\/div>\n\t\t<div class=\"elementor-element elementor-element-8ed854c e-flex e-con-boxed e-con e-parent\" data-id=\"8ed854c\" data-element_type=\"container\" data-e-type=\"container\">\n\t\t\t\t\t<div class=\"e-con-inner\">\n\t\t<div class=\"elementor-element elementor-element-80ff658 e-con-full e-flex e-con e-child\" data-id=\"80ff658\" data-element_type=\"container\" data-e-type=\"container\">\n\t\t\t\t<div class=\"elementor-element elementor-element-1e00482 elementor-widget elementor-widget-heading\" data-id=\"1e00482\" data-element_type=\"widget\" data-e-type=\"widget\" data-widget_type=\"heading.default\">\n\t\t\t\t<div class=\"elementor-widget-container\">\n\t\t\t\t\t<h2 class=\"elementor-heading-title elementor-size-default\">AM\u00c9NAGEMENT PAYSAGER \u00c0 HAMBOURG : VOS EXPERTS POUR DES ESPACES EXT\u00c9RIEURS VERTS ET DURABLES\n<\/h2>\t\t\t\t<\/div>\n\t\t\t\t<\/div>\n\t\t\t\t<\/div>\n\t\t<div class=\"elementor-element elementor-element-447779b e-con-full e-flex e-con e-child\" data-id=\"447779b\" data-element_type=\"container\" data-e-type=\"container\">\n\t\t\t\t<div class=\"elementor-element elementor-element-fb81b94 elementor-widget__width-initial flaeche-unten-rechts-D4C7B4 elementor-widget elementor-widget-image\" data-id=\"fb81b94\" data-element_type=\"widget\" data-e-type=\"widget\" data-widget_type=\"image.default\">\n\t\t\t\t<div class=\"elementor-widget-container\">\n\t\t\t\t\t\t\t\t\t\t\t\t\t\t\t<img fetchpriority=\"high\" decoding=\"async\" width=\"800\" height=\"478\" src=\"https:\/\/tpb-hamburg.com\/wp-content\/uploads\/2024\/06\/Landschaftsplanung_Header-2-1024x612.jpg\" class=\"attachment-large size-large wp-image-2138\" alt=\"Stadtplaner \/ Stadtplanung in Hamburg\" srcset=\"https:\/\/tpb-hamburg.com\/wp-content\/uploads\/2024\/06\/Landschaftsplanung_Header-2-1024x612.jpg 1024w, https:\/\/tpb-hamburg.com\/wp-content\/uploads\/2024\/06\/Landschaftsplanung_Header-2-300x179.jpg 300w, https:\/\/tpb-hamburg.com\/wp-content\/uploads\/2024\/06\/Landschaftsplanung_Header-2-768x459.jpg 768w, https:\/\/tpb-hamburg.com\/wp-content\/uploads\/2024\/06\/Landschaftsplanung_Header-2-1536x919.jpg 1536w, https:\/\/tpb-hamburg.com\/wp-content\/uploads\/2024\/06\/Landschaftsplanung_Header-2.jpg 2000w\" sizes=\"(max-width: 800px) 100vw, 800px\" \/>\t\t\t\t\t\t\t\t\t\t\t\t\t\t\t<\/div>\n\t\t\t\t<\/div>\n\t\t\t\t<\/div>\n\t\t\t\t\t<\/div>\n\t\t\t\t<\/div>\n\t\t<div class=\"elementor-element elementor-element-24d9509 e-flex e-con-boxed e-con e-parent\" data-id=\"24d9509\" data-element_type=\"container\" data-e-type=\"container\">\n\t\t\t\t\t<div class=\"e-con-inner\">\n\t\t<div class=\"elementor-element elementor-element-2a69733 e-flex e-con-boxed e-con e-child\" data-id=\"2a69733\" data-element_type=\"container\" data-e-type=\"container\">\n\t\t\t\t\t<div class=\"e-con-inner\">\n\t\t<div class=\"elementor-element elementor-element-9206d33 e-con-full e-flex e-con e-child\" data-id=\"9206d33\" data-element_type=\"container\" data-e-type=\"container\">\n\t\t\t\t<div class=\"elementor-element elementor-element-46c9b7f elementor-widget elementor-widget-heading\" data-id=\"46c9b7f\" data-element_type=\"widget\" data-e-type=\"widget\" data-widget_type=\"heading.default\">\n\t\t\t\t<div class=\"elementor-widget-container\">\n\t\t\t\t\t<h3 class=\"elementor-heading-title elementor-size-default\">SOLUTIONS PERSONNALIS\u00c9ES EN MATI\u00c8RE D'AM\u00c9NAGEMENT ET DE PLANIFICATION PAYSAG\u00c8RE<\/h3>\t\t\t\t<\/div>\n\t\t\t\t<\/div>\n\t\t\t\t<div class=\"elementor-element elementor-element-a280e8e elementor-widget elementor-widget-text-editor\" data-id=\"a280e8e\" data-element_type=\"widget\" data-e-type=\"widget\" data-widget_type=\"text-editor.default\">\n\t\t\t\t<div class=\"elementor-widget-container\">\n\t\t\t\t\t\t\t\t\t<p>Nos services d&rsquo;am\u00e9nagement paysager \u00e0 Hambourg offrent des solutions sur mesure pour cr\u00e9er des espaces ext\u00e9rieurs verts et durables. En tant que paysagiste exp\u00e9riment\u00e9, nous concevons vos espaces verts selon les normes les plus \u00e9lev\u00e9es, en tenant compte des aspects esth\u00e9tiques et fonctionnels.<\/p>\n\t\t\t\t\t\t\t\t<\/div>\n\t\t\t\t<\/div>\n\t\t\t\t<\/div>\n\t\t<div class=\"elementor-element elementor-element-8188dac e-con-full e-flex e-con e-child\" data-id=\"8188dac\" data-element_type=\"container\" data-e-type=\"container\">\n\t\t\t\t<div class=\"elementor-element elementor-element-e78b898 elementor-widget elementor-widget-heading\" data-id=\"e78b898\" data-element_type=\"widget\" data-e-type=\"widget\" data-widget_type=\"heading.default\">\n\t\t\t\t<div class=\"elementor-widget-container\">\n\t\t\t\t\t<h3 class=\"elementor-heading-title elementor-size-default\">PAYSAGISTE POUR LE NORD ET L'EUROPE :\nCONCEPTION CR\u00c9ATIVE ET DURABLE\n<\/h3>\t\t\t\t<\/div>\n\t\t\t\t<\/div>\n\t\t\t\t<div class=\"elementor-element elementor-element-7733d22 elementor-widget elementor-widget-text-editor\" data-id=\"7733d22\" data-element_type=\"widget\" data-e-type=\"widget\" data-widget_type=\"text-editor.default\">\n\t\t\t\t<div class=\"elementor-widget-container\">\n\t\t\t\t\t\t\t\t\t<p>Notre \u00e9quipe de paysagistes exp\u00e9riment\u00e9s \u00e0 Hambourg propose des solutions d&rsquo;am\u00e9nagement cr\u00e9atives et durables pour les espaces ext\u00e9rieurs priv\u00e9s et publics. Nous int\u00e9grons des mat\u00e9riaux naturels et des techniques innovantes pour cr\u00e9er des espaces verts qui contribuent \u00e0 la d\u00e9tente et au bien-\u00eatre des habitants.<\/p>\n\t\t\t\t\t\t\t\t<\/div>\n\t\t\t\t<\/div>\n\t\t\t\t<\/div>\n\t\t<div class=\"elementor-element elementor-element-63df89a e-con-full e-flex e-con e-child\" data-id=\"63df89a\" data-element_type=\"container\" data-e-type=\"container\">\n\t\t\t\t<div class=\"elementor-element elementor-element-e3a1428 elementor-widget__width-initial flaeche-unten-links-D4C7B4 elementor-widget elementor-widget-image\" data-id=\"e3a1428\" data-element_type=\"widget\" data-e-type=\"widget\" data-widget_type=\"image.default\">\n\t\t\t\t<div class=\"elementor-widget-container\">\n\t\t\t\t\t\t\t\t\t\t\t\t\t\t\t<img decoding=\"async\" width=\"800\" height=\"478\" src=\"https:\/\/tpb-hamburg.com\/wp-content\/uploads\/2024\/06\/Landschaftsplanung_2-1024x612.jpg\" class=\"attachment-large size-large wp-image-2132\" alt=\"Landschaftsplanung, Gewerbeimmobilien in Hamburg\" srcset=\"https:\/\/tpb-hamburg.com\/wp-content\/uploads\/2024\/06\/Landschaftsplanung_2-1024x612.jpg 1024w, https:\/\/tpb-hamburg.com\/wp-content\/uploads\/2024\/06\/Landschaftsplanung_2-300x179.jpg 300w, https:\/\/tpb-hamburg.com\/wp-content\/uploads\/2024\/06\/Landschaftsplanung_2-768x459.jpg 768w, https:\/\/tpb-hamburg.com\/wp-content\/uploads\/2024\/06\/Landschaftsplanung_2-1536x919.jpg 1536w, https:\/\/tpb-hamburg.com\/wp-content\/uploads\/2024\/06\/Landschaftsplanung_2-2048x1225.jpg 2048w\" sizes=\"(max-width: 800px) 100vw, 800px\" \/>\t\t\t\t\t\t\t\t\t\t\t\t\t\t\t<\/div>\n\t\t\t\t<\/div>\n\t\t\t\t<\/div>\n\t\t<div class=\"elementor-element elementor-element-3ac64b5 e-con-full e-flex e-con e-child\" data-id=\"3ac64b5\" data-element_type=\"container\" data-e-type=\"container\">\n\t\t\t\t<div class=\"elementor-element elementor-element-14c73cb elementor-widget elementor-widget-heading\" data-id=\"14c73cb\" data-element_type=\"widget\" data-e-type=\"widget\" data-widget_type=\"heading.default\">\n\t\t\t\t<div class=\"elementor-widget-container\">\n\t\t\t\t\t<h3 class=\"elementor-heading-title elementor-size-default\">JARDINAGE ET AM\u00c9NAGEMENT PAYSAGER<\/h3>\t\t\t\t<\/div>\n\t\t\t\t<\/div>\n\t\t\t\t<div class=\"elementor-element elementor-element-30cea43 elementor-widget elementor-widget-text-editor\" data-id=\"30cea43\" data-element_type=\"widget\" data-e-type=\"widget\" data-widget_type=\"text-editor.default\">\n\t\t\t\t<div class=\"elementor-widget-container\">\n\t\t\t\t\t\t\t\t\t<p>Dans le domaine de l&rsquo;horticulture et de l&rsquo;am\u00e9nagement paysager, nous proposons, avec des partenaires, des services complets qui comprennent la planification, la conception et l&rsquo;entretien de jardins et d&rsquo;espaces verts. Nos experts d\u00e9veloppent des concepts individuels adapt\u00e9s \u00e0 vos besoins et souhaits sp\u00e9cifiques.<\/p>\n\t\t\t\t\t\t\t\t<\/div>\n\t\t\t\t<\/div>\n\t\t\t\t<\/div>\n\t\t\t\t\t<\/div>\n\t\t\t\t<\/div>\n\t\t\t\t\t<\/div>\n\t\t\t\t<\/div>\n\t\t<div class=\"elementor-element elementor-element-57e0af6 e-flex e-con-boxed e-con e-parent\" data-id=\"57e0af6\" data-element_type=\"container\" data-e-type=\"container\" data-settings=\"{&quot;background_background&quot;:&quot;classic&quot;}\">\n\t\t\t\t\t<div class=\"e-con-inner\">\n\t\t\t\t<div class=\"elementor-element elementor-element-0b33292 elementor-widget elementor-widget-heading\" data-id=\"0b33292\" data-element_type=\"widget\" data-e-type=\"widget\" data-widget_type=\"heading.default\">\n\t\t\t\t<div class=\"elementor-widget-container\">\n\t\t\t\t\t<h2 class=\"elementor-heading-title elementor-size-default\">LES SERVICES EN D\u00c9TAIL<\/h2>\t\t\t\t<\/div>\n\t\t\t\t<\/div>\n\t\t<div class=\"elementor-element elementor-element-b22aabd e-flex e-con-boxed e-con e-child\" data-id=\"b22aabd\" data-element_type=\"container\" data-e-type=\"container\" data-settings=\"{&quot;background_background&quot;:&quot;classic&quot;}\">\n\t\t\t\t\t<div class=\"e-con-inner\">\n\t\t<div class=\"elementor-element elementor-element-4ee84be e-con-full e-flex e-con e-child\" data-id=\"4ee84be\" data-element_type=\"container\" data-e-type=\"container\">\n\t\t\t\t<div class=\"elementor-element elementor-element-5a9cd14 elementor-widget elementor-widget-heading\" data-id=\"5a9cd14\" data-element_type=\"widget\" data-e-type=\"widget\" data-widget_type=\"heading.default\">\n\t\t\t\t<div class=\"elementor-widget-container\">\n\t\t\t\t\t<h3 class=\"elementor-heading-title elementor-size-default\">PLANIFICATION ET CONCEPTION D'AM\u00c9NAGEMENTS EXT\u00c9RIEURS<\/h3>\t\t\t\t<\/div>\n\t\t\t\t<\/div>\n\t\t\t\t<div class=\"elementor-element elementor-element-eac173f elementor-widget elementor-widget-text-editor\" data-id=\"eac173f\" data-element_type=\"widget\" data-e-type=\"widget\" data-widget_type=\"text-editor.default\">\n\t\t\t\t<div class=\"elementor-widget-container\">\n\t\t\t\t\t\t\t\t\t<p>Nous proposons des services complets de planification et de conception pour vos am\u00e9nagements ext\u00e9rieurs. Notre objectif est de cr\u00e9er des espaces verts et durables qui soient \u00e0 la fois esth\u00e9tiques et fonctionnels. Pour ce faire, nous prenons en compte les exigences sp\u00e9cifiques de chaque projet et travaillons en \u00e9troite collaboration avec nos clients afin de concr\u00e9tiser leur vision.<\/p>\n\t\t\t\t\t\t\t\t<\/div>\n\t\t\t\t<\/div>\n\t\t\t\t<\/div>\n\t\t<div class=\"elementor-element elementor-element-514d51c e-con-full e-flex e-con e-child\" data-id=\"514d51c\" data-element_type=\"container\" data-e-type=\"container\">\n\t\t\t\t<div class=\"elementor-element elementor-element-ff4b268 elementor-widget elementor-widget-heading\" data-id=\"ff4b268\" data-element_type=\"widget\" data-e-type=\"widget\" data-widget_type=\"heading.default\">\n\t\t\t\t<div class=\"elementor-widget-container\">\n\t\t\t\t\t<h3 class=\"elementor-heading-title elementor-size-default\">PLANIFICATION ET GESTION DE LA V\u00c9G\u00c9TATION<\/h3>\t\t\t\t<\/div>\n\t\t\t\t<\/div>\n\t\t\t\t<div class=\"elementor-element elementor-element-11036b7 elementor-widget elementor-widget-text-editor\" data-id=\"11036b7\" data-element_type=\"widget\" data-e-type=\"widget\" data-widget_type=\"text-editor.default\">\n\t\t\t\t<div class=\"elementor-widget-container\">\n\t\t\t\t\t\t\t\t\t<p>Nos paysagistes \u00e0 Hambourg sont des experts de la planification des plantations et de la gestion de la v\u00e9g\u00e9tation. Nous s\u00e9lectionnons les plantes les plus adapt\u00e9es \u00e0 votre jardin ou \u00e0 votre espace vert et veillons \u00e0 ce qu&rsquo;elles s&rsquo;\u00e9panouissent au mieux. En utilisant la v\u00e9g\u00e9tation de mani\u00e8re cibl\u00e9e, nous am\u00e9liorons le microclimat et favorisons la biodiversit\u00e9.<\/p>\n\t\t\t\t\t\t\t\t<\/div>\n\t\t\t\t<\/div>\n\t\t\t\t<\/div>\n\t\t<div class=\"elementor-element elementor-element-ff91702 e-con-full e-flex e-con e-child\" data-id=\"ff91702\" data-element_type=\"container\" data-e-type=\"container\">\n\t\t\t\t<div class=\"elementor-element elementor-element-6ad3490 elementor-widget elementor-widget-heading\" data-id=\"6ad3490\" data-element_type=\"widget\" data-e-type=\"widget\" data-widget_type=\"heading.default\">\n\t\t\t\t<div class=\"elementor-widget-container\">\n\t\t\t\t\t<h3 class=\"elementor-heading-title elementor-size-default\">CONCEPTS DURABLES<\/h3>\t\t\t\t<\/div>\n\t\t\t\t<\/div>\n\t\t\t\t<div class=\"elementor-element elementor-element-31ed914 elementor-widget elementor-widget-text-editor\" data-id=\"31ed914\" data-element_type=\"widget\" data-e-type=\"widget\" data-widget_type=\"text-editor.default\">\n\t\t\t\t<div class=\"elementor-widget-container\">\n\t\t\t\t\t\t\t\t\t<p>Nous accordons une grande importance \u00e0 la durabilit\u00e9 dans tous nos projets. Nos paysagistes \u00e0 Hambourg utilisent des mat\u00e9riaux \u00e9cologiques et des techniques respectueuses de l&rsquo;environnement pour cr\u00e9er des am\u00e9nagements ext\u00e9rieurs verts et durables. Nous veillons \u00e0 minimiser l&#8217;empreinte \u00e9cologique tout en garantissant les normes de qualit\u00e9 les plus \u00e9lev\u00e9es.<\/p>\n\t\t\t\t\t\t\t\t<\/div>\n\t\t\t\t<\/div>\n\t\t\t\t<\/div>\n\t\t\t\t\t<\/div>\n\t\t\t\t<\/div>\n\t\t\t\t\t<\/div>\n\t\t\t\t<\/div>\n\t\t<div class=\"elementor-element elementor-element-30d8f2d e-flex e-con-boxed e-con e-parent\" data-id=\"30d8f2d\" data-element_type=\"container\" data-e-type=\"container\">\n\t\t\t\t\t<div class=\"e-con-inner\">\n\t\t<div class=\"elementor-element elementor-element-0523d3e e-flex e-con-boxed e-con e-child\" data-id=\"0523d3e\" data-element_type=\"container\" data-e-type=\"container\">\n\t\t\t\t\t<div class=\"e-con-inner\">\n\t\t<div class=\"elementor-element elementor-element-c07b87e e-con-full e-flex e-con e-child\" data-id=\"c07b87e\" data-element_type=\"container\" data-e-type=\"container\">\n\t\t\t\t<div class=\"elementor-element elementor-element-516eb32 elementor-widget__width-initial flaeche-unten-rechts-D4C7B4 elementor-widget elementor-widget-image\" data-id=\"516eb32\" data-element_type=\"widget\" data-e-type=\"widget\" data-widget_type=\"image.default\">\n\t\t\t\t<div class=\"elementor-widget-container\">\n\t\t\t\t\t\t\t\t\t\t\t\t\t\t\t<img decoding=\"async\" width=\"800\" height=\"478\" src=\"https:\/\/tpb-hamburg.com\/wp-content\/uploads\/2024\/06\/Landschaftsplanung_3-1024x612.jpg\" class=\"attachment-large size-large wp-image-2135\" alt=\"Architekturbu\u0308ro in Hamburg\" srcset=\"https:\/\/tpb-hamburg.com\/wp-content\/uploads\/2024\/06\/Landschaftsplanung_3-1024x612.jpg 1024w, https:\/\/tpb-hamburg.com\/wp-content\/uploads\/2024\/06\/Landschaftsplanung_3-300x179.jpg 300w, https:\/\/tpb-hamburg.com\/wp-content\/uploads\/2024\/06\/Landschaftsplanung_3-768x459.jpg 768w, https:\/\/tpb-hamburg.com\/wp-content\/uploads\/2024\/06\/Landschaftsplanung_3-1536x919.jpg 1536w, https:\/\/tpb-hamburg.com\/wp-content\/uploads\/2024\/06\/Landschaftsplanung_3.jpg 2000w\" sizes=\"(max-width: 800px) 100vw, 800px\" \/>\t\t\t\t\t\t\t\t\t\t\t\t\t\t\t<\/div>\n\t\t\t\t<\/div>\n\t\t\t\t<\/div>\n\t\t\t\t\t<\/div>\n\t\t\t\t<\/div>\n\t\t\t\t\t<\/div>\n\t\t\t\t<\/div>\n\t\t<div class=\"elementor-element elementor-element-59881d6 e-flex e-con-boxed e-con e-parent\" data-id=\"59881d6\" data-element_type=\"container\" data-e-type=\"container\">\n\t\t\t\t\t<div class=\"e-con-inner\">\n\t\t<div class=\"elementor-element elementor-element-1b1dff2 strichnachoben e-flex e-con-boxed e-con e-child\" data-id=\"1b1dff2\" data-element_type=\"container\" data-e-type=\"container\" data-settings=\"{&quot;background_background&quot;:&quot;classic&quot;}\">\n\t\t\t\t\t<div class=\"e-con-inner\">\n\t\t<div class=\"elementor-element elementor-element-eb5b155 e-con-full e-flex e-con e-child\" data-id=\"eb5b155\" data-element_type=\"container\" data-e-type=\"container\">\n\t\t\t\t<div class=\"elementor-element elementor-element-88b4caf elementor-widget elementor-widget-heading\" data-id=\"88b4caf\" data-element_type=\"widget\" data-e-type=\"widget\" data-widget_type=\"heading.default\">\n\t\t\t\t<div class=\"elementor-widget-container\">\n\t\t\t\t\t<h2 class=\"elementor-heading-title elementor-size-default\">Conclusion<\/h2>\t\t\t\t<\/div>\n\t\t\t\t<\/div>\n\t\t\t\t<div class=\"elementor-element elementor-element-617da40 elementor-widget elementor-widget-text-editor\" data-id=\"617da40\" data-element_type=\"widget\" data-e-type=\"widget\" data-widget_type=\"text-editor.default\">\n\t\t\t\t<div class=\"elementor-widget-container\">\n\t\t\t\t\t\t\t\t\t<p>En tant qu&rsquo;experts exp\u00e9riment\u00e9s en am\u00e9nagement paysager \u00e0 Hambourg, nous proposons des solutions compl\u00e8tes et sur mesure pour des am\u00e9nagements ext\u00e9rieurs verts et durables. Notre \u00e9quipe de paysagistes cr\u00e9atifs \u00e0 Hambourg et de paysagistes \u00e0 proximit\u00e9 est \u00e0 votre disposition pour vous aider \u00e0 concr\u00e9tiser votre vision. Contactez-nous pour en savoir plus sur nos services et sur la mani\u00e8re dont nous pouvons travailler ensemble \u00e0 l&rsquo;am\u00e9nagement de vos espaces ext\u00e9rieurs. Contactez-nous d\u00e8s maintenant !<\/p>\n\t\t\t\t\t\t\t\t<\/div>\n\t\t\t\t<\/div>\n\t\t\t\t<\/div>\n\t\t\t\t\t<\/div>\n\t\t\t\t<\/div>\n\t\t\t\t\t<\/div>\n\t\t\t\t<\/div>\n\t\t\t\t<\/div>\n\t\t","protected":false},"excerpt":{"rendered":"<p>AM\u00c9NAGEMENT PAYSAGER \u00c0 HAMBOURG : VOS EXPERTS POUR DES ESPACES EXT\u00c9RIEURS VERTS ET DURABLES SOLUTIONS PERSONNALIS\u00c9ES EN MATI\u00c8RE D&rsquo;AM\u00c9NAGEMENT ET DE PLANIFICATION PAYSAG\u00c8RE Nos services d&rsquo;am\u00e9nagement paysager \u00e0 Hambourg offrent des solutions sur mesure pour cr\u00e9er des espaces ext\u00e9rieurs verts et durables. En tant que paysagiste exp\u00e9riment\u00e9, nous concevons vos espaces verts selon les normes [&hellip;]<\/p>\n","protected":false},"author":1,"featured_media":0,"parent":2567,"menu_order":0,"comment_status":"closed","ping_status":"closed","template":"","meta":{"_acf_changed":false,"footnotes":""},"class_list":["post-2468","page","type-page","status-publish","hentry"],"acf":[],"_links":{"self":[{"href":"https:\/\/tpb-hamburg.com\/fr\/wp-json\/wp\/v2\/pages\/2468","targetHints":{"allow":["GET"]}}],"collection":[{"href":"https:\/\/tpb-hamburg.com\/fr\/wp-json\/wp\/v2\/pages"}],"about":[{"href":"https:\/\/tpb-hamburg.com\/fr\/wp-json\/wp\/v2\/types\/page"}],"author":[{"embeddable":true,"href":"https:\/\/tpb-hamburg.com\/fr\/wp-json\/wp\/v2\/users\/1"}],"replies":[{"embeddable":true,"href":"https:\/\/tpb-hamburg.com\/fr\/wp-json\/wp\/v2\/comments?post=2468"}],"version-history":[{"count":2,"href":"https:\/\/tpb-hamburg.com\/fr\/wp-json\/wp\/v2\/pages\/2468\/revisions"}],"predecessor-version":[{"id":2676,"href":"https:\/\/tpb-hamburg.com\/fr\/wp-json\/wp\/v2\/pages\/2468\/revisions\/2676"}],"up":[{"embeddable":true,"href":"https:\/\/tpb-hamburg.com\/fr\/wp-json\/wp\/v2\/pages\/2567"}],"wp:attachment":[{"href":"https:\/\/tpb-hamburg.com\/fr\/wp-json\/wp\/v2\/media?parent=2468"}],"curies":[{"name":"wp","href":"https:\/\/api.w.org\/{rel}","templated":true}]}}