{"id":2475,"date":"2024-06-12T15:11:15","date_gmt":"2024-06-12T13:11:15","guid":{"rendered":"https:\/\/tpb-hamburg.com\/culture\/"},"modified":"2024-06-26T10:00:18","modified_gmt":"2024-06-26T08:00:18","slug":"culture","status":"publish","type":"page","link":"https:\/\/tpb-hamburg.com\/fr\/services\/culture\/","title":{"rendered":"Culture"},"content":{"rendered":"\t\t<div data-elementor-type=\"wp-page\" data-elementor-id=\"2475\" class=\"elementor elementor-2475 elementor-671\" data-elementor-post-type=\"page\">\n\t\t\t\t<div class=\"elementor-element elementor-element-17d1486 e-con-full e-flex e-con e-parent\" data-id=\"17d1486\" data-element_type=\"container\" data-e-type=\"container\">\n\t\t\t\t<div class=\"elementor-element elementor-element-ae84ac9 elementor-widget elementor-widget-template\" data-id=\"ae84ac9\" data-element_type=\"widget\" data-e-type=\"widget\" data-widget_type=\"template.default\">\n\t\t\t\t<div class=\"elementor-widget-container\">\n\t\t\t\t\t\t\t<div class=\"elementor-template\">\n\t\t\t\t\t<div data-elementor-type=\"container\" data-elementor-id=\"2864\" class=\"elementor elementor-2864 elementor-289 elementor-289\" data-elementor-post-type=\"elementor_library\">\n\t\t\t\t<div class=\"elementor-element elementor-element-247eb439 e-flex e-con-boxed e-con e-parent\" data-id=\"247eb439\" data-element_type=\"container\" data-e-type=\"container\" data-settings=\"{&quot;background_background&quot;:&quot;classic&quot;}\">\n\t\t\t\t\t<div class=\"e-con-inner\">\n\t\t\t\t<div class=\"elementor-element elementor-element-3067f3fb elementor-widget elementor-widget-heading\" data-id=\"3067f3fb\" data-element_type=\"widget\" data-e-type=\"widget\" data-widget_type=\"heading.default\">\n\t\t\t\t<div class=\"elementor-widget-container\">\n\t\t\t\t\t<h1 class=\"elementor-heading-title elementor-size-default\">Culture<\/h1>\t\t\t\t<\/div>\n\t\t\t\t<\/div>\n\t\t\t\t\t<\/div>\n\t\t\t\t<\/div>\n\t\t\t\t<\/div>\n\t\t\t\t<\/div>\n\t\t\t\t\t\t<\/div>\n\t\t\t\t<\/div>\n\t\t\t\t<\/div>\n\t\t<div class=\"elementor-element elementor-element-eaa8fc1 e-flex e-con-boxed e-con e-parent\" data-id=\"eaa8fc1\" data-element_type=\"container\" data-e-type=\"container\">\n\t\t\t\t\t<div class=\"e-con-inner\">\n\t\t<div class=\"elementor-element elementor-element-30a3a72 e-con-full e-flex e-con e-child\" data-id=\"30a3a72\" data-element_type=\"container\" data-e-type=\"container\">\n\t\t\t\t<div class=\"elementor-element elementor-element-ce8ca62 elementor-widget elementor-widget-heading\" data-id=\"ce8ca62\" data-element_type=\"widget\" data-e-type=\"widget\" data-widget_type=\"heading.default\">\n\t\t\t\t<div class=\"elementor-widget-container\">\n\t\t\t\t\t<h2 class=\"elementor-heading-title elementor-size-default\">Une architecture qui cr\u00e9e et pr\u00e9serve la culture<\/h2>\t\t\t\t<\/div>\n\t\t\t\t<\/div>\n\t\t\t\t<\/div>\n\t\t<div class=\"elementor-element elementor-element-7ee9fd0 e-con-full e-flex e-con e-child\" data-id=\"7ee9fd0\" data-element_type=\"container\" data-e-type=\"container\">\n\t\t\t\t<div class=\"elementor-element elementor-element-ccc3eef elementor-widget__width-initial flaeche-unten-links-D4C7B4 elementor-widget elementor-widget-image\" data-id=\"ccc3eef\" data-element_type=\"widget\" data-e-type=\"widget\" data-widget_type=\"image.default\">\n\t\t\t\t<div class=\"elementor-widget-container\">\n\t\t\t\t\t\t\t\t\t\t\t\t\t\t\t<img fetchpriority=\"high\" decoding=\"async\" width=\"800\" height=\"478\" src=\"https:\/\/tpb-hamburg.com\/wp-content\/uploads\/2024\/06\/Kultur_1-2-1024x612.jpg\" class=\"attachment-large size-large wp-image-2156\" alt=\"Landschaftsplanung, Gewerbeimmobilien in Hamburg\" srcset=\"https:\/\/tpb-hamburg.com\/wp-content\/uploads\/2024\/06\/Kultur_1-2-1024x612.jpg 1024w, https:\/\/tpb-hamburg.com\/wp-content\/uploads\/2024\/06\/Kultur_1-2-300x179.jpg 300w, https:\/\/tpb-hamburg.com\/wp-content\/uploads\/2024\/06\/Kultur_1-2-768x459.jpg 768w, https:\/\/tpb-hamburg.com\/wp-content\/uploads\/2024\/06\/Kultur_1-2-1536x919.jpg 1536w, https:\/\/tpb-hamburg.com\/wp-content\/uploads\/2024\/06\/Kultur_1-2.jpg 2000w\" sizes=\"(max-width: 800px) 100vw, 800px\" \/>\t\t\t\t\t\t\t\t\t\t\t\t\t\t\t<\/div>\n\t\t\t\t<\/div>\n\t\t\t\t<\/div>\n\t\t\t\t\t<\/div>\n\t\t\t\t<\/div>\n\t\t<div class=\"elementor-element elementor-element-508924b e-flex e-con-boxed e-con e-parent\" data-id=\"508924b\" data-element_type=\"container\" data-e-type=\"container\">\n\t\t\t\t\t<div class=\"e-con-inner\">\n\t\t<div class=\"elementor-element elementor-element-adebf6f e-flex e-con-boxed e-con e-child\" data-id=\"adebf6f\" data-element_type=\"container\" data-e-type=\"container\">\n\t\t\t\t\t<div class=\"e-con-inner\">\n\t\t<div class=\"elementor-element elementor-element-457b417 e-con-full e-flex e-con e-child\" data-id=\"457b417\" data-element_type=\"container\" data-e-type=\"container\">\n\t\t\t\t<div class=\"elementor-element elementor-element-29eb6d8 elementor-widget elementor-widget-heading\" data-id=\"29eb6d8\" data-element_type=\"widget\" data-e-type=\"widget\" data-widget_type=\"heading.default\">\n\t\t\t\t<div class=\"elementor-widget-container\">\n\t\t\t\t\t<h3 class=\"elementor-heading-title elementor-size-default\">Conception d'espaces pour la cohabitation humaine<\/h3>\t\t\t\t<\/div>\n\t\t\t\t<\/div>\n\t\t\t\t<div class=\"elementor-element elementor-element-023998d elementor-widget elementor-widget-text-editor\" data-id=\"023998d\" data-element_type=\"widget\" data-e-type=\"widget\" data-widget_type=\"text-editor.default\">\n\t\t\t\t<div class=\"elementor-widget-container\">\n\t\t\t\t\t\t\t\t\t<p>Notre cabinet d&rsquo;architecture consid\u00e8re l&rsquo;architecture comme un aspect fondamental de la culture humaine. Tout ce qui est cr\u00e9\u00e9 par l&rsquo;homme &#8211; que ce soit par le langage, la religion, l&rsquo;\u00e9conomie ou le traitement de la nature &#8211; influence notre travail.<\/p>\n<p>Nous sommes sp\u00e9cialis\u00e9s dans la conception de b\u00e2timents culturels qui ne sont pas seulement des espaces de vie, mais aussi des plateformes d&rsquo;expression et de pr\u00e9servation de l&rsquo;identit\u00e9 et de la diversit\u00e9 culturelles.<\/p>\n\t\t\t\t\t\t\t\t<\/div>\n\t\t\t\t<\/div>\n\t\t\t\t<\/div>\n\t\t<div class=\"elementor-element elementor-element-2b5b120 e-con-full e-flex e-con e-child\" data-id=\"2b5b120\" data-element_type=\"container\" data-e-type=\"container\">\n\t\t\t\t<div class=\"elementor-element elementor-element-ace9150 elementor-widget elementor-widget-heading\" data-id=\"ace9150\" data-element_type=\"widget\" data-e-type=\"widget\" data-widget_type=\"heading.default\">\n\t\t\t\t<div class=\"elementor-widget-container\">\n\t\t\t\t\t<h3 class=\"elementor-heading-title elementor-size-default\">L'architecture culturelle : plus que de simples b\u00e2timents<\/h3>\t\t\t\t<\/div>\n\t\t\t\t<\/div>\n\t\t\t\t<div class=\"elementor-element elementor-element-4557e18 elementor-widget elementor-widget-text-editor\" data-id=\"4557e18\" data-element_type=\"widget\" data-e-type=\"widget\" data-widget_type=\"text-editor.default\">\n\t\t\t\t<div class=\"elementor-widget-container\">\n\t\t\t\t\t\t\t\t\t<p>Nos cr\u00e9ations prennent en compte les aspects quotidiens et festifs de la vie. Des mus\u00e9es et biblioth\u00e8ques aux centres culturels. Nous concevons des lieux qui incarnent \u00e0 la fois l&rsquo;architecture du quotidien et la splendeur festive des \u00e9v\u00e9nements culturels. Ces b\u00e2timents ne servent pas seulement de gardiens d&rsquo;objets d&rsquo;art et de traditions, ils sont eux-m\u00eames l&rsquo;expression de la cr\u00e9ativit\u00e9 et de l&rsquo;innovation humaines.<\/p>\n\t\t\t\t\t\t\t\t<\/div>\n\t\t\t\t<\/div>\n\t\t\t\t<\/div>\n\t\t<div class=\"elementor-element elementor-element-c03a825 e-con-full e-flex e-con e-child\" data-id=\"c03a825\" data-element_type=\"container\" data-e-type=\"container\">\n\t\t\t\t<div class=\"elementor-element elementor-element-b4d0c26 elementor-widget__width-initial flaeche-unten-rechts-DDD8D0 elementor-widget elementor-widget-image\" data-id=\"b4d0c26\" data-element_type=\"widget\" data-e-type=\"widget\" data-widget_type=\"image.default\">\n\t\t\t\t<div class=\"elementor-widget-container\">\n\t\t\t\t\t\t\t\t\t\t\t\t\t\t\t<img decoding=\"async\" width=\"800\" height=\"478\" src=\"https:\/\/tpb-hamburg.com\/wp-content\/uploads\/2024\/06\/Kultur_2-1024x612.jpg\" class=\"attachment-large size-large wp-image-2159\" alt=\"Stadtplaner \/ Stadtplanung in Hamburg\" srcset=\"https:\/\/tpb-hamburg.com\/wp-content\/uploads\/2024\/06\/Kultur_2-1024x612.jpg 1024w, https:\/\/tpb-hamburg.com\/wp-content\/uploads\/2024\/06\/Kultur_2-300x179.jpg 300w, https:\/\/tpb-hamburg.com\/wp-content\/uploads\/2024\/06\/Kultur_2-768x459.jpg 768w, https:\/\/tpb-hamburg.com\/wp-content\/uploads\/2024\/06\/Kultur_2-1536x919.jpg 1536w, https:\/\/tpb-hamburg.com\/wp-content\/uploads\/2024\/06\/Kultur_2-2048x1225.jpg 2048w\" sizes=\"(max-width: 800px) 100vw, 800px\" \/>\t\t\t\t\t\t\t\t\t\t\t\t\t\t\t<\/div>\n\t\t\t\t<\/div>\n\t\t\t\t<\/div>\n\t\t<div class=\"elementor-element elementor-element-f9cbd91 e-con-full e-flex e-con e-child\" data-id=\"f9cbd91\" data-element_type=\"container\" data-e-type=\"container\">\n\t\t\t\t<div class=\"elementor-element elementor-element-43c8b41 elementor-widget elementor-widget-heading\" data-id=\"43c8b41\" data-element_type=\"widget\" data-e-type=\"widget\" data-widget_type=\"heading.default\">\n\t\t\t\t<div class=\"elementor-widget-container\">\n\t\t\t\t\t<h3 class=\"elementor-heading-title elementor-size-default\">Le langage du patrimoine dans notre architecture<\/h3>\t\t\t\t<\/div>\n\t\t\t\t<\/div>\n\t\t\t\t<div class=\"elementor-element elementor-element-73f5099 elementor-widget elementor-widget-text-editor\" data-id=\"73f5099\" data-element_type=\"widget\" data-e-type=\"widget\" data-widget_type=\"text-editor.default\">\n\t\t\t\t<div class=\"elementor-widget-container\">\n\t\t\t\t\t\t\t\t\t<p>Nous consid\u00e9rons qu&rsquo;il est de notre devoir de cr\u00e9er des b\u00e2timents capables d&rsquo;accueillir et de c\u00e9l\u00e9brer des biens culturels, qu&rsquo;ils soient mat\u00e9riels ou immat\u00e9riels. Nos cr\u00e9ations favorisent la compr\u00e9hension et l&rsquo;appr\u00e9ciation des f\u00eates, des coutumes et des techniques artisanales. Chaque projet devient un espace intemporel dans lequel les gens apprennent, se forment et vivent des rencontres humaines essentielles.<\/p>\n\t\t\t\t\t\t\t\t<\/div>\n\t\t\t\t<\/div>\n\t\t\t\t<\/div>\n\t\t\t\t\t<\/div>\n\t\t\t\t<\/div>\n\t\t\t\t\t<\/div>\n\t\t\t\t<\/div>\n\t\t<div class=\"elementor-element elementor-element-86be9ec e-flex e-con-boxed e-con e-parent\" data-id=\"86be9ec\" data-element_type=\"container\" data-e-type=\"container\">\n\t\t\t\t\t<div class=\"e-con-inner\">\n\t\t<div class=\"elementor-element elementor-element-9a0f4bd e-flex e-con-boxed e-con e-child\" data-id=\"9a0f4bd\" data-element_type=\"container\" data-e-type=\"container\">\n\t\t\t\t\t<div class=\"e-con-inner\">\n\t\t<div class=\"elementor-element elementor-element-902ffb9 e-con-full e-flex e-con e-child\" data-id=\"902ffb9\" data-element_type=\"container\" data-e-type=\"container\">\n\t\t\t\t<div class=\"elementor-element elementor-element-4133ad8 elementor-widget elementor-widget-heading\" data-id=\"4133ad8\" data-element_type=\"widget\" data-e-type=\"widget\" data-widget_type=\"heading.default\">\n\t\t\t\t<div class=\"elementor-widget-container\">\n\t\t\t\t\t<h3 class=\"elementor-heading-title elementor-size-default\">Un lieu de rencontre pour l'imagination et l'artisanat<\/h3>\t\t\t\t<\/div>\n\t\t\t\t<\/div>\n\t\t\t\t<div class=\"elementor-element elementor-element-8adcccb elementor-widget elementor-widget-text-editor\" data-id=\"8adcccb\" data-element_type=\"widget\" data-e-type=\"widget\" data-widget_type=\"text-editor.default\">\n\t\t\t\t<div class=\"elementor-widget-container\">\n\t\t\t\t\t\t\t\t\t<p>Gr\u00e2ce \u00e0 une planification minutieuse, nous cr\u00e9ons des environnements qui permettent des rencontres avec l&rsquo;imagination et l&rsquo;artisanat. Nos b\u00e2timents culturels sont des lieux de rencontre o\u00f9 les visiteurs ne font pas qu&rsquo;interagir, mais sont \u00e9galement inspir\u00e9s. Ce sont des lieux o\u00f9 l&rsquo;architecture intemporelle et la culture vivante s&rsquo;unissent pour offrir des espaces d&rsquo;apprentissage et d&rsquo;exp\u00e9rience pour chaque g\u00e9n\u00e9ration.<\/p>\n\t\t\t\t\t\t\t\t<\/div>\n\t\t\t\t<\/div>\n\t\t\t\t<\/div>\n\t\t<div class=\"elementor-element elementor-element-a248bed e-con-full e-flex e-con e-child\" data-id=\"a248bed\" data-element_type=\"container\" data-e-type=\"container\">\n\t\t\t\t<div class=\"elementor-element elementor-element-0b9f784 elementor-widget elementor-widget-heading\" data-id=\"0b9f784\" data-element_type=\"widget\" data-e-type=\"widget\" data-widget_type=\"heading.default\">\n\t\t\t\t<div class=\"elementor-widget-container\">\n\t\t\t\t\t<h3 class=\"elementor-heading-title elementor-size-default\">Votre partenaire pour l'architecture culturelle<\/h3>\t\t\t\t<\/div>\n\t\t\t\t<\/div>\n\t\t\t\t<div class=\"elementor-element elementor-element-a178061 elementor-widget elementor-widget-text-editor\" data-id=\"a178061\" data-element_type=\"widget\" data-e-type=\"widget\" data-widget_type=\"text-editor.default\">\n\t\t\t\t<div class=\"elementor-widget-container\">\n\t\t\t\t\t\t\t\t\t<p>Cr\u00e9ons ensemble des espaces qui ne sont pas seulement impressionnants sur le plan architectural, mais aussi enrichissants sur le plan culturel. Contactez-nous pour en savoir plus sur la mani\u00e8re dont nous pouvons transformer votre projet en un rep\u00e8re culturel.<\/p>\n\t\t\t\t\t\t\t\t<\/div>\n\t\t\t\t<\/div>\n\t\t\t\t<\/div>\n\t\t\t\t\t<\/div>\n\t\t\t\t<\/div>\n\t\t\t\t\t<\/div>\n\t\t\t\t<\/div>\n\t\t<div class=\"elementor-element elementor-element-89a3838 e-flex e-con-boxed e-con e-parent\" data-id=\"89a3838\" data-element_type=\"container\" data-e-type=\"container\">\n\t\t\t\t\t<div class=\"e-con-inner\">\n\t\t<div class=\"elementor-element elementor-element-4d35de8 e-flex e-con-boxed e-con e-child\" data-id=\"4d35de8\" data-element_type=\"container\" data-e-type=\"container\">\n\t\t\t\t\t<div class=\"e-con-inner\">\n\t\t<div class=\"elementor-element elementor-element-4eb523e e-con-full e-flex e-con e-child\" data-id=\"4eb523e\" data-element_type=\"container\" data-e-type=\"container\">\n\t\t\t\t<div class=\"elementor-element elementor-element-50d24e0 elementor-widget__width-initial flaeche-oben-links-D4C7B4 elementor-widget elementor-widget-image\" data-id=\"50d24e0\" data-element_type=\"widget\" data-e-type=\"widget\" data-widget_type=\"image.default\">\n\t\t\t\t<div class=\"elementor-widget-container\">\n\t\t\t\t\t\t\t\t\t\t\t\t\t\t\t<img decoding=\"async\" width=\"800\" height=\"478\" src=\"https:\/\/tpb-hamburg.com\/wp-content\/uploads\/2024\/06\/Kultur_3-1024x612.jpg\" class=\"attachment-large size-large wp-image-2162\" alt=\"Stadtplaner \/ Stadtplanung in Hamburg\" srcset=\"https:\/\/tpb-hamburg.com\/wp-content\/uploads\/2024\/06\/Kultur_3-1024x612.jpg 1024w, https:\/\/tpb-hamburg.com\/wp-content\/uploads\/2024\/06\/Kultur_3-300x179.jpg 300w, https:\/\/tpb-hamburg.com\/wp-content\/uploads\/2024\/06\/Kultur_3-768x459.jpg 768w, https:\/\/tpb-hamburg.com\/wp-content\/uploads\/2024\/06\/Kultur_3-1536x919.jpg 1536w, https:\/\/tpb-hamburg.com\/wp-content\/uploads\/2024\/06\/Kultur_3.jpg 2000w\" sizes=\"(max-width: 800px) 100vw, 800px\" \/>\t\t\t\t\t\t\t\t\t\t\t\t\t\t\t<\/div>\n\t\t\t\t<\/div>\n\t\t\t\t<\/div>\n\t\t\t\t\t<\/div>\n\t\t\t\t<\/div>\n\t\t\t\t\t<\/div>\n\t\t\t\t<\/div>\n\t\t\t\t<\/div>\n\t\t","protected":false},"excerpt":{"rendered":"<p>Une architecture qui cr\u00e9e et pr\u00e9serve la culture Conception d&rsquo;espaces pour la cohabitation humaine Notre cabinet d&rsquo;architecture consid\u00e8re l&rsquo;architecture comme un aspect fondamental de la culture humaine. Tout ce qui est cr\u00e9\u00e9 par l&rsquo;homme &#8211; que ce soit par le langage, la religion, l&rsquo;\u00e9conomie ou le traitement de la nature &#8211; influence notre travail. Nous [&hellip;]<\/p>\n","protected":false},"author":1,"featured_media":0,"parent":2567,"menu_order":0,"comment_status":"closed","ping_status":"closed","template":"","meta":{"_acf_changed":false,"footnotes":""},"class_list":["post-2475","page","type-page","status-publish","hentry"],"acf":[],"_links":{"self":[{"href":"https:\/\/tpb-hamburg.com\/fr\/wp-json\/wp\/v2\/pages\/2475","targetHints":{"allow":["GET"]}}],"collection":[{"href":"https:\/\/tpb-hamburg.com\/fr\/wp-json\/wp\/v2\/pages"}],"about":[{"href":"https:\/\/tpb-hamburg.com\/fr\/wp-json\/wp\/v2\/types\/page"}],"author":[{"embeddable":true,"href":"https:\/\/tpb-hamburg.com\/fr\/wp-json\/wp\/v2\/users\/1"}],"replies":[{"embeddable":true,"href":"https:\/\/tpb-hamburg.com\/fr\/wp-json\/wp\/v2\/comments?post=2475"}],"version-history":[{"count":1,"href":"https:\/\/tpb-hamburg.com\/fr\/wp-json\/wp\/v2\/pages\/2475\/revisions"}],"predecessor-version":[{"id":2477,"href":"https:\/\/tpb-hamburg.com\/fr\/wp-json\/wp\/v2\/pages\/2475\/revisions\/2477"}],"up":[{"embeddable":true,"href":"https:\/\/tpb-hamburg.com\/fr\/wp-json\/wp\/v2\/pages\/2567"}],"wp:attachment":[{"href":"https:\/\/tpb-hamburg.com\/fr\/wp-json\/wp\/v2\/media?parent=2475"}],"curies":[{"name":"wp","href":"https:\/\/api.w.org\/{rel}","templated":true}]}}