{"id":2513,"date":"2024-06-12T16:37:00","date_gmt":"2024-06-12T14:37:00","guid":{"rendered":"https:\/\/tpb-hamburg.com\/commerce-de-detail-restauration\/"},"modified":"2024-06-26T10:03:58","modified_gmt":"2024-06-26T08:03:58","slug":"commerce-de-detail-restauration","status":"publish","type":"page","link":"https:\/\/tpb-hamburg.com\/fr\/services\/commerce-de-detail-restauration\/","title":{"rendered":"Commerce de d\u00e9tail \/ Restauration"},"content":{"rendered":"\t\t<div data-elementor-type=\"wp-page\" data-elementor-id=\"2513\" class=\"elementor elementor-2513 elementor-812\" data-elementor-post-type=\"page\">\n\t\t\t\t<div class=\"elementor-element elementor-element-2ec2760 e-con-full e-flex e-con e-parent\" data-id=\"2ec2760\" data-element_type=\"container\" data-e-type=\"container\">\n\t\t\t\t<div class=\"elementor-element elementor-element-1de6bf8 elementor-widget elementor-widget-template\" data-id=\"1de6bf8\" data-element_type=\"widget\" data-e-type=\"widget\" data-widget_type=\"template.default\">\n\t\t\t\t<div class=\"elementor-widget-container\">\n\t\t\t\t\t\t\t<div class=\"elementor-template\">\n\t\t\t\t\t<div data-elementor-type=\"container\" data-elementor-id=\"2864\" class=\"elementor elementor-2864 elementor-289 elementor-289\" data-elementor-post-type=\"elementor_library\">\n\t\t\t\t<div class=\"elementor-element elementor-element-247eb439 e-flex e-con-boxed e-con e-parent\" data-id=\"247eb439\" data-element_type=\"container\" data-e-type=\"container\" data-settings=\"{&quot;background_background&quot;:&quot;classic&quot;}\">\n\t\t\t\t\t<div class=\"e-con-inner\">\n\t\t\t\t<div class=\"elementor-element elementor-element-3067f3fb elementor-widget elementor-widget-heading\" data-id=\"3067f3fb\" data-element_type=\"widget\" data-e-type=\"widget\" data-widget_type=\"heading.default\">\n\t\t\t\t<div class=\"elementor-widget-container\">\n\t\t\t\t\t<h1 class=\"elementor-heading-title elementor-size-default\">Commerce de d\u00e9tail \/ Restauration<\/h1>\t\t\t\t<\/div>\n\t\t\t\t<\/div>\n\t\t\t\t\t<\/div>\n\t\t\t\t<\/div>\n\t\t\t\t<\/div>\n\t\t\t\t<\/div>\n\t\t\t\t\t\t<\/div>\n\t\t\t\t<\/div>\n\t\t\t\t<\/div>\n\t\t<div class=\"elementor-element elementor-element-9bcc300 e-flex e-con-boxed e-con e-parent\" data-id=\"9bcc300\" data-element_type=\"container\" data-e-type=\"container\">\n\t\t\t\t\t<div class=\"e-con-inner\">\n\t\t<div class=\"elementor-element elementor-element-a754ad7 e-con-full e-flex e-con e-child\" data-id=\"a754ad7\" data-element_type=\"container\" data-e-type=\"container\">\n\t\t\t\t<div class=\"elementor-element elementor-element-88b1c36 elementor-widget elementor-widget-heading\" data-id=\"88b1c36\" data-element_type=\"widget\" data-e-type=\"widget\" data-widget_type=\"heading.default\">\n\t\t\t\t<div class=\"elementor-widget-container\">\n\t\t\t\t\t<h2 class=\"elementor-heading-title elementor-size-default\">IMMOBILIER R\u00c9SIDENTIEL \u00c0 HAMBOURG :\nVOTRE PARTENAIRE POUR DES\nNOUVELLES CONSTRUCTIONS ET R\u00c9NOVATIONS\n<\/h2>\t\t\t\t<\/div>\n\t\t\t\t<\/div>\n\t\t\t\t<\/div>\n\t\t<div class=\"elementor-element elementor-element-124ef67 e-con-full e-flex e-con e-child\" data-id=\"124ef67\" data-element_type=\"container\" data-e-type=\"container\">\n\t\t\t\t<div class=\"elementor-element elementor-element-2ccff36 elementor-widget__width-initial flaeche-unten-links-D4C7B4 elementor-widget elementor-widget-image\" data-id=\"2ccff36\" data-element_type=\"widget\" data-e-type=\"widget\" data-widget_type=\"image.default\">\n\t\t\t\t<div class=\"elementor-widget-container\">\n\t\t\t\t\t\t\t\t\t\t\t\t\t\t\t<img fetchpriority=\"high\" decoding=\"async\" width=\"800\" height=\"478\" src=\"https:\/\/tpb-hamburg.com\/wp-content\/uploads\/2024\/06\/Einzelhandel_Header-2-1024x612.jpg\" class=\"attachment-large size-large wp-image-2201\" alt=\"Tim-Philipp Brendel | Architekt + Stadtplaner in Hamburg\" srcset=\"https:\/\/tpb-hamburg.com\/wp-content\/uploads\/2024\/06\/Einzelhandel_Header-2-1024x612.jpg 1024w, https:\/\/tpb-hamburg.com\/wp-content\/uploads\/2024\/06\/Einzelhandel_Header-2-300x179.jpg 300w, https:\/\/tpb-hamburg.com\/wp-content\/uploads\/2024\/06\/Einzelhandel_Header-2-768x459.jpg 768w, https:\/\/tpb-hamburg.com\/wp-content\/uploads\/2024\/06\/Einzelhandel_Header-2-1536x919.jpg 1536w, https:\/\/tpb-hamburg.com\/wp-content\/uploads\/2024\/06\/Einzelhandel_Header-2-2048x1225.jpg 2048w\" sizes=\"(max-width: 800px) 100vw, 800px\" \/>\t\t\t\t\t\t\t\t\t\t\t\t\t\t\t<\/div>\n\t\t\t\t<\/div>\n\t\t\t\t<\/div>\n\t\t\t\t\t<\/div>\n\t\t\t\t<\/div>\n\t\t<div class=\"elementor-element elementor-element-fce38e7 e-flex e-con-boxed e-con e-parent\" data-id=\"fce38e7\" data-element_type=\"container\" data-e-type=\"container\">\n\t\t\t\t\t<div class=\"e-con-inner\">\n\t\t<div class=\"elementor-element elementor-element-2fe3147 e-flex e-con-boxed e-con e-child\" data-id=\"2fe3147\" data-element_type=\"container\" data-e-type=\"container\">\n\t\t\t\t\t<div class=\"e-con-inner\">\n\t\t<div class=\"elementor-element elementor-element-6c98bd7 e-con-full e-flex e-con e-child\" data-id=\"6c98bd7\" data-element_type=\"container\" data-e-type=\"container\">\n\t\t\t\t<div class=\"elementor-element elementor-element-b2bd5de elementor-widget elementor-widget-heading\" data-id=\"b2bd5de\" data-element_type=\"widget\" data-e-type=\"widget\" data-widget_type=\"heading.default\">\n\t\t\t\t<div class=\"elementor-widget-container\">\n\t\t\t\t\t<h3 class=\"elementor-heading-title elementor-size-default\">DES SOLUTIONS INNOVANTES POUR L'AVENIR DU COMMERCE DE D\u00c9TAIL ET DE LA RESTAURATION<\/h3>\t\t\t\t<\/div>\n\t\t\t\t<\/div>\n\t\t\t\t<div class=\"elementor-element elementor-element-5524171 elementor-widget elementor-widget-text-editor\" data-id=\"5524171\" data-element_type=\"widget\" data-e-type=\"widget\" data-widget_type=\"text-editor.default\">\n\t\t\t\t<div class=\"elementor-widget-container\">\n\t\t\t\t\t\t\t\t\t<p>En tant que cabinet d&rsquo;architectes hans\u00e9atique disposant d&rsquo;une vaste exp\u00e9rience dans la construction de centres commerciaux et d&rsquo;espaces de vente au d\u00e9tail, nous vous proposons des solutions sur mesure pour les nouveaux d\u00e9fis et opportunit\u00e9s dans le domaine de la restauration et du commerce de d\u00e9tail. Dans un paysage commercial en pleine mutation, o\u00f9 les grands magasins traditionnels perdent de leur importance, il est essentiel de d\u00e9velopper des concepts tourn\u00e9s vers l&rsquo;avenir qui r\u00e9pondent aux besoins des consommateurs d&rsquo;aujourd&rsquo;hui et de demain.<\/p>\n\t\t\t\t\t\t\t\t<\/div>\n\t\t\t\t<\/div>\n\t\t\t\t<\/div>\n\t\t<div class=\"elementor-element elementor-element-c315b3d e-con-full e-flex e-con e-child\" data-id=\"c315b3d\" data-element_type=\"container\" data-e-type=\"container\">\n\t\t\t\t<div class=\"elementor-element elementor-element-310f623 elementor-widget__width-initial flaeche-unten-rechts-D4C7B4 elementor-widget elementor-widget-image\" data-id=\"310f623\" data-element_type=\"widget\" data-e-type=\"widget\" data-widget_type=\"image.default\">\n\t\t\t\t<div class=\"elementor-widget-container\">\n\t\t\t\t\t\t\t\t\t\t\t\t\t\t\t<img decoding=\"async\" width=\"800\" height=\"478\" src=\"https:\/\/tpb-hamburg.com\/wp-content\/uploads\/2024\/06\/Einzelhandel_2-1024x612.jpg\" class=\"attachment-large size-large wp-image-2195\" alt=\"Architekt in Hamburg\" srcset=\"https:\/\/tpb-hamburg.com\/wp-content\/uploads\/2024\/06\/Einzelhandel_2-1024x612.jpg 1024w, https:\/\/tpb-hamburg.com\/wp-content\/uploads\/2024\/06\/Einzelhandel_2-300x179.jpg 300w, https:\/\/tpb-hamburg.com\/wp-content\/uploads\/2024\/06\/Einzelhandel_2-768x459.jpg 768w, https:\/\/tpb-hamburg.com\/wp-content\/uploads\/2024\/06\/Einzelhandel_2-1536x919.jpg 1536w, https:\/\/tpb-hamburg.com\/wp-content\/uploads\/2024\/06\/Einzelhandel_2.jpg 2000w\" sizes=\"(max-width: 800px) 100vw, 800px\" \/>\t\t\t\t\t\t\t\t\t\t\t\t\t\t\t<\/div>\n\t\t\t\t<\/div>\n\t\t\t\t<\/div>\n\t\t<div class=\"elementor-element elementor-element-4d8b2f7 e-con-full e-flex e-con e-child\" data-id=\"4d8b2f7\" data-element_type=\"container\" data-e-type=\"container\">\n\t\t\t\t<div class=\"elementor-element elementor-element-73144c1 elementor-widget elementor-widget-heading\" data-id=\"73144c1\" data-element_type=\"widget\" data-e-type=\"widget\" data-widget_type=\"heading.default\">\n\t\t\t\t<div class=\"elementor-widget-container\">\n\t\t\t\t\t<h3 class=\"elementor-heading-title elementor-size-default\">EXP\u00c9RIENCE ET EXPERTISE<\/h3>\t\t\t\t<\/div>\n\t\t\t\t<\/div>\n\t\t\t\t<div class=\"elementor-element elementor-element-c6ec01f elementor-widget elementor-widget-text-editor\" data-id=\"c6ec01f\" data-element_type=\"widget\" data-e-type=\"widget\" data-widget_type=\"text-editor.default\">\n\t\t\t\t<div class=\"elementor-widget-container\">\n\t\t\t\t\t\t\t\t\t<p>Avec la r\u00e9alisation r\u00e9ussie de quatre grands centres commerciaux, nous avons acquis des connaissances et une exp\u00e9rience solides qui nous permettent de planifier et de mettre en \u0153uvre des projets innovants et durables. L&rsquo;\u00e9poque des grands magasins est r\u00e9volue et une nouvelle forme de commerce de d\u00e9tail et de restauration, flexible, attractive et diversifi\u00e9e, est en train d&rsquo;\u00e9merger.<\/p>\n\t\t\t\t\t\t\t\t<\/div>\n\t\t\t\t<\/div>\n\t\t\t\t<\/div>\n\t\t\t\t\t<\/div>\n\t\t\t\t<\/div>\n\t\t\t\t\t<\/div>\n\t\t\t\t<\/div>\n\t\t<div class=\"elementor-element elementor-element-60994da strichnachoben e-flex e-con-boxed e-con e-parent\" data-id=\"60994da\" data-element_type=\"container\" data-e-type=\"container\" data-settings=\"{&quot;background_background&quot;:&quot;classic&quot;}\">\n\t\t\t\t\t<div class=\"e-con-inner\">\n\t\t\t\t<div class=\"elementor-element elementor-element-4aa7128 elementor-widget elementor-widget-heading\" data-id=\"4aa7128\" data-element_type=\"widget\" data-e-type=\"widget\" data-widget_type=\"heading.default\">\n\t\t\t\t<div class=\"elementor-widget-container\">\n\t\t\t\t\t<h2 class=\"elementor-heading-title elementor-size-default\">NOUVEAUX CONCEPTS D'UTILISATION DES ESPACES VIDES<\/h2>\t\t\t\t<\/div>\n\t\t\t\t<\/div>\n\t\t<div class=\"elementor-element elementor-element-3ea4d62 e-flex e-con-boxed e-con e-child\" data-id=\"3ea4d62\" data-element_type=\"container\" data-e-type=\"container\" data-settings=\"{&quot;background_background&quot;:&quot;classic&quot;}\">\n\t\t\t\t\t<div class=\"e-con-inner\">\n\t\t<div class=\"elementor-element elementor-element-0e890af e-con-full e-flex e-con e-child\" data-id=\"0e890af\" data-element_type=\"container\" data-e-type=\"container\">\n\t\t\t\t<div class=\"elementor-element elementor-element-6f5c2f3 elementor-widget elementor-widget-text-editor\" data-id=\"6f5c2f3\" data-element_type=\"widget\" data-e-type=\"widget\" data-widget_type=\"text-editor.default\">\n\t\t\t\t<div class=\"elementor-widget-container\">\n\t\t\t\t\t\t\t\t\t<p>Les espaces vides, en particulier ceux situ\u00e9s au rez-de-chauss\u00e9e des immeubles, offrent une excellente opportunit\u00e9 d&rsquo;int\u00e9gration des march\u00e9s et de la restauration. Ces espaces peuvent \u00eatre dynamis\u00e9s par des concepts d&rsquo;utilisation cr\u00e9atifs et multifonctionnels :<\/p>\n\t\t\t\t\t\t\t\t<\/div>\n\t\t\t\t<\/div>\n\t\t\t\t<\/div>\n\t\t<div class=\"elementor-element elementor-element-248acf6 e-con-full e-flex e-con e-child\" data-id=\"248acf6\" data-element_type=\"container\" data-e-type=\"container\">\n\t\t\t\t<div class=\"elementor-element elementor-element-04fe049 elementor-widget elementor-widget-heading\" data-id=\"04fe049\" data-element_type=\"widget\" data-e-type=\"widget\" data-widget_type=\"heading.default\">\n\t\t\t\t<div class=\"elementor-widget-container\">\n\t\t\t\t\t<h3 class=\"elementor-heading-title elementor-size-default\">- March\u00e9s alimentaires :<\/h3>\t\t\t\t<\/div>\n\t\t\t\t<\/div>\n\t\t\t\t<div class=\"elementor-element elementor-element-71c73ea elementor-widget elementor-widget-text-editor\" data-id=\"71c73ea\" data-element_type=\"widget\" data-e-type=\"widget\" data-widget_type=\"text-editor.default\">\n\t\t\t\t<div class=\"elementor-widget-container\">\n\t\t\t\t\t\t\t\t\t<p>Cr\u00e9ation d&rsquo;espaces modernes et attrayants pour les march\u00e9s hebdomadaires, les \u00e9piceries fines ou les \u00e9piceries sp\u00e9cialis\u00e9es, qui favorisent l&rsquo;\u00e9conomie locale et offrent aux clients une exp\u00e9rience d&rsquo;achat unique.<\/p>\n\t\t\t\t\t\t\t\t<\/div>\n\t\t\t\t<\/div>\n\t\t\t\t<\/div>\n\t\t<div class=\"elementor-element elementor-element-598b2c5 e-con-full e-flex e-con e-child\" data-id=\"598b2c5\" data-element_type=\"container\" data-e-type=\"container\">\n\t\t\t\t<div class=\"elementor-element elementor-element-026a985 elementor-widget elementor-widget-heading\" data-id=\"026a985\" data-element_type=\"widget\" data-e-type=\"widget\" data-widget_type=\"heading.default\">\n\t\t\t\t<div class=\"elementor-widget-container\">\n\t\t\t\t\t<h3 class=\"elementor-heading-title elementor-size-default\">- V\u00eatements et style de vie :<\/h3>\t\t\t\t<\/div>\n\t\t\t\t<\/div>\n\t\t\t\t<div class=\"elementor-element elementor-element-b2bb07d elementor-widget elementor-widget-text-editor\" data-id=\"b2bb07d\" data-element_type=\"widget\" data-e-type=\"widget\" data-widget_type=\"text-editor.default\">\n\t\t\t\t<div class=\"elementor-widget-container\">\n\t\t\t\t\t\t\t\t\t<p>Concevoir des espaces de vente au d\u00e9tail attrayants pour les v\u00eatements, les accessoires et les produits de style de vie qui r\u00e9pondent aux tendances et aux besoins actuels des consommateurs.<\/p>\n\t\t\t\t\t\t\t\t<\/div>\n\t\t\t\t<\/div>\n\t\t\t\t<\/div>\n\t\t<div class=\"elementor-element elementor-element-22f6972 e-con-full e-flex e-con e-child\" data-id=\"22f6972\" data-element_type=\"container\" data-e-type=\"container\">\n\t\t\t\t<div class=\"elementor-element elementor-element-ff8e72d elementor-widget elementor-widget-heading\" data-id=\"ff8e72d\" data-element_type=\"widget\" data-e-type=\"widget\" data-widget_type=\"heading.default\">\n\t\t\t\t<div class=\"elementor-widget-container\">\n\t\t\t\t\t<h3 class=\"elementor-heading-title elementor-size-default\">- Gastronomie :<\/h3>\t\t\t\t<\/div>\n\t\t\t\t<\/div>\n\t\t\t\t<div class=\"elementor-element elementor-element-31a6e1d elementor-widget elementor-widget-text-editor\" data-id=\"31a6e1d\" data-element_type=\"widget\" data-e-type=\"widget\" data-widget_type=\"text-editor.default\">\n\t\t\t\t<div class=\"elementor-widget-container\">\n\t\t\t\t\t\t\t\t\t<p>Int\u00e9gration d&rsquo;une offre gastronomique vari\u00e9e, allant des petits caf\u00e9s aux restaurants en passant par des concepts de street food, qui invitent \u00e0 s&rsquo;attarder et \u00e0 profiter de la vie et qui animent le quartier.<\/p>\n\t\t\t\t\t\t\t\t<\/div>\n\t\t\t\t<\/div>\n\t\t\t\t<\/div>\n\t\t\t\t\t<\/div>\n\t\t\t\t<\/div>\n\t\t\t\t\t<\/div>\n\t\t\t\t<\/div>\n\t\t<div class=\"elementor-element elementor-element-e769b72 e-flex e-con-boxed e-con e-parent\" data-id=\"e769b72\" data-element_type=\"container\" data-e-type=\"container\">\n\t\t\t\t\t<div class=\"e-con-inner\">\n\t\t<div class=\"elementor-element elementor-element-f5a642a e-flex e-con-boxed e-con e-child\" data-id=\"f5a642a\" data-element_type=\"container\" data-e-type=\"container\">\n\t\t\t\t\t<div class=\"e-con-inner\">\n\t\t<div class=\"elementor-element elementor-element-e45f9bd e-con-full e-flex e-con e-child\" data-id=\"e45f9bd\" data-element_type=\"container\" data-e-type=\"container\">\n\t\t\t\t<div class=\"elementor-element elementor-element-0f72f53 elementor-widget__width-initial flaeche-oben-links-D4C7B4 elementor-widget elementor-widget-image\" data-id=\"0f72f53\" data-element_type=\"widget\" data-e-type=\"widget\" data-widget_type=\"image.default\">\n\t\t\t\t<div class=\"elementor-widget-container\">\n\t\t\t\t\t\t\t\t\t\t\t\t\t\t\t<img decoding=\"async\" width=\"800\" height=\"478\" src=\"https:\/\/tpb-hamburg.com\/wp-content\/uploads\/2024\/06\/Einzelhandel_3-1024x612.jpg\" class=\"attachment-large size-large wp-image-2198\" alt=\"Tim-Philipp Brendel | Architekt + Stadtplaner in Hamburg\" srcset=\"https:\/\/tpb-hamburg.com\/wp-content\/uploads\/2024\/06\/Einzelhandel_3-1024x612.jpg 1024w, https:\/\/tpb-hamburg.com\/wp-content\/uploads\/2024\/06\/Einzelhandel_3-300x179.jpg 300w, https:\/\/tpb-hamburg.com\/wp-content\/uploads\/2024\/06\/Einzelhandel_3-768x459.jpg 768w, https:\/\/tpb-hamburg.com\/wp-content\/uploads\/2024\/06\/Einzelhandel_3-1536x919.jpg 1536w, https:\/\/tpb-hamburg.com\/wp-content\/uploads\/2024\/06\/Einzelhandel_3.jpg 2000w\" sizes=\"(max-width: 800px) 100vw, 800px\" \/>\t\t\t\t\t\t\t\t\t\t\t\t\t\t\t<\/div>\n\t\t\t\t<\/div>\n\t\t\t\t<\/div>\n\t\t<div class=\"elementor-element elementor-element-e1aa821 e-con-full e-flex e-con e-child\" data-id=\"e1aa821\" data-element_type=\"container\" data-e-type=\"container\">\n\t\t\t\t<div class=\"elementor-element elementor-element-a484f69 elementor-widget elementor-widget-heading\" data-id=\"a484f69\" data-element_type=\"widget\" data-e-type=\"widget\" data-widget_type=\"heading.default\">\n\t\t\t\t<div class=\"elementor-widget-container\">\n\t\t\t\t\t<h3 class=\"elementor-heading-title elementor-size-default\">DES SOLUTIONS FLEXIBLES ET DURABLES<\/h3>\t\t\t\t<\/div>\n\t\t\t\t<\/div>\n\t\t\t\t<div class=\"elementor-element elementor-element-043b288 elementor-widget elementor-widget-text-editor\" data-id=\"043b288\" data-element_type=\"widget\" data-e-type=\"widget\" data-widget_type=\"text-editor.default\">\n\t\t\t\t<div class=\"elementor-widget-container\">\n\t\t\t\t\t\t\t\t\t<p>Nos plans accordent une importance particuli\u00e8re \u00e0 la flexibilit\u00e9 et \u00e0 la durabilit\u00e9. Gr\u00e2ce \u00e0 l&rsquo;utilisation de technologies modernes et de mat\u00e9riaux innovants, nous cr\u00e9ons des espaces qui s&rsquo;adaptent \u00e0 l&rsquo;\u00e9volution des besoins d&rsquo;utilisation tout en respectant les normes \u00e9cologiques.<\/p>\n\t\t\t\t\t\t\t\t<\/div>\n\t\t\t\t<\/div>\n\t\t\t\t<\/div>\n\t\t<div class=\"elementor-element elementor-element-251dc05 e-con-full e-flex e-con e-child\" data-id=\"251dc05\" data-element_type=\"container\" data-e-type=\"container\">\n\t\t\t\t<div class=\"elementor-element elementor-element-de5f301 elementor-widget elementor-widget-heading\" data-id=\"de5f301\" data-element_type=\"widget\" data-e-type=\"widget\" data-widget_type=\"heading.default\">\n\t\t\t\t<div class=\"elementor-widget-container\">\n\t\t\t\t\t<h3 class=\"elementor-heading-title elementor-size-default\">- Concepts modulaires :<\/h3>\t\t\t\t<\/div>\n\t\t\t\t<\/div>\n\t\t\t\t<div class=\"elementor-element elementor-element-df8f5a4 elementor-widget elementor-widget-text-editor\" data-id=\"df8f5a4\" data-element_type=\"widget\" data-e-type=\"widget\" data-widget_type=\"text-editor.default\">\n\t\t\t\t<div class=\"elementor-widget-container\">\n\t\t\t\t\t\t\t\t\t<p>D\u00e9velopper des solutions de construction et de conception modulaires qui sont facilement adaptables et extensibles.<\/p>\n\t\t\t\t\t\t\t\t<\/div>\n\t\t\t\t<\/div>\n\t\t\t\t<\/div>\n\t\t<div class=\"elementor-element elementor-element-b42f6d3 e-con-full e-flex e-con e-child\" data-id=\"b42f6d3\" data-element_type=\"container\" data-e-type=\"container\">\n\t\t\t\t<div class=\"elementor-element elementor-element-bbc5ee4 elementor-widget elementor-widget-heading\" data-id=\"bbc5ee4\" data-element_type=\"widget\" data-e-type=\"widget\" data-widget_type=\"heading.default\">\n\t\t\t\t<div class=\"elementor-widget-container\">\n\t\t\t\t\t<h3 class=\"elementor-heading-title elementor-size-default\">- Efficacit\u00e9 \u00e9nerg\u00e9tique :<\/h3>\t\t\t\t<\/div>\n\t\t\t\t<\/div>\n\t\t\t\t<div class=\"elementor-element elementor-element-fc0b9fe elementor-widget elementor-widget-text-editor\" data-id=\"fc0b9fe\" data-element_type=\"widget\" data-e-type=\"widget\" data-widget_type=\"text-editor.default\">\n\t\t\t\t<div class=\"elementor-widget-container\">\n\t\t\t\t\t\t\t\t\t<p>Conception de b\u00e2timents et d&rsquo;espaces \u00e9co-\u00e9nerg\u00e9tiques qui minimisent l&#8217;empreinte \u00e9cologique et permettent de r\u00e9aliser des \u00e9conomies \u00e0 long terme.<\/p>\n\t\t\t\t\t\t\t\t<\/div>\n\t\t\t\t<\/div>\n\t\t\t\t<\/div>\n\t\t<div class=\"elementor-element elementor-element-19a6664 e-con-full e-flex e-con e-child\" data-id=\"19a6664\" data-element_type=\"container\" data-e-type=\"container\">\n\t\t\t\t<div class=\"elementor-element elementor-element-eddb6e6 elementor-widget elementor-widget-heading\" data-id=\"eddb6e6\" data-element_type=\"widget\" data-e-type=\"widget\" data-widget_type=\"heading.default\">\n\t\t\t\t<div class=\"elementor-widget-container\">\n\t\t\t\t\t<h3 class=\"elementor-heading-title elementor-size-default\">- Mat\u00e9riaux durables :<\/h3>\t\t\t\t<\/div>\n\t\t\t\t<\/div>\n\t\t\t\t<div class=\"elementor-element elementor-element-7ac3d51 elementor-widget elementor-widget-text-editor\" data-id=\"7ac3d51\" data-element_type=\"widget\" data-e-type=\"widget\" data-widget_type=\"text-editor.default\">\n\t\t\t\t<div class=\"elementor-widget-container\">\n\t\t\t\t\t\t\t\t\t<p>l&rsquo;utilisation de mat\u00e9riaux durables et respectueux de l&rsquo;environnement, qui contribuent \u00e0 cr\u00e9er des espaces de vie et de travail sains et agr\u00e9ables.<\/p>\n\t\t\t\t\t\t\t\t<\/div>\n\t\t\t\t<\/div>\n\t\t\t\t<\/div>\n\t\t<div class=\"elementor-element elementor-element-59921f7 e-con-full e-flex e-con e-child\" data-id=\"59921f7\" data-element_type=\"container\" data-e-type=\"container\">\n\t\t\t\t<div class=\"elementor-element elementor-element-f8b1eec elementor-widget__width-initial flaeche-unten-rechts-D4C7B4 elementor-widget elementor-widget-image\" data-id=\"f8b1eec\" data-element_type=\"widget\" data-e-type=\"widget\" data-widget_type=\"image.default\">\n\t\t\t\t<div class=\"elementor-widget-container\">\n\t\t\t\t\t\t\t\t\t\t\t\t\t\t\t<img loading=\"lazy\" decoding=\"async\" width=\"800\" height=\"478\" src=\"https:\/\/tpb-hamburg.com\/wp-content\/uploads\/2024\/06\/EinzelhandelGastro_4-1024x612.jpg\" class=\"attachment-large size-large wp-image-2204\" alt=\"Architekturbu\u0308ro in Hamburg\" srcset=\"https:\/\/tpb-hamburg.com\/wp-content\/uploads\/2024\/06\/EinzelhandelGastro_4-1024x612.jpg 1024w, https:\/\/tpb-hamburg.com\/wp-content\/uploads\/2024\/06\/EinzelhandelGastro_4-300x179.jpg 300w, https:\/\/tpb-hamburg.com\/wp-content\/uploads\/2024\/06\/EinzelhandelGastro_4-768x459.jpg 768w, https:\/\/tpb-hamburg.com\/wp-content\/uploads\/2024\/06\/EinzelhandelGastro_4-1536x919.jpg 1536w, https:\/\/tpb-hamburg.com\/wp-content\/uploads\/2024\/06\/EinzelhandelGastro_4-2048x1225.jpg 2048w\" sizes=\"(max-width: 800px) 100vw, 800px\" \/>\t\t\t\t\t\t\t\t\t\t\t\t\t\t\t<\/div>\n\t\t\t\t<\/div>\n\t\t\t\t<\/div>\n\t\t<div class=\"elementor-element elementor-element-cdaef16 e-con-full e-flex e-con e-child\" data-id=\"cdaef16\" data-element_type=\"container\" data-e-type=\"container\">\n\t\t\t\t<div class=\"elementor-element elementor-element-86d2d88 elementor-widget elementor-widget-heading\" data-id=\"86d2d88\" data-element_type=\"widget\" data-e-type=\"widget\" data-widget_type=\"heading.default\">\n\t\t\t\t<div class=\"elementor-widget-container\">\n\t\t\t\t\t<h3 class=\"elementor-heading-title elementor-size-default\">\nVOTRE PARTENAIRE POUR L'AVENIR DU COMMERCE DE D\u00c9TAIL ET DE LA RESTAURATION\n<\/h3>\t\t\t\t<\/div>\n\t\t\t\t<\/div>\n\t\t\t\t<div class=\"elementor-element elementor-element-c6b8071 elementor-widget elementor-widget-text-editor\" data-id=\"c6b8071\" data-element_type=\"widget\" data-e-type=\"widget\" data-widget_type=\"text-editor.default\">\n\t\t\t\t<div class=\"elementor-widget-container\">\n\t\t\t\t\t\t\t\t\t<p>Construisons ensemble l&rsquo;avenir du commerce de d\u00e9tail et de la restauration. Nous sommes impatients de concr\u00e9tiser vos visions et vos projets et de mettre notre exp\u00e9rience et notre engagement \u00e0 votre service.<\/p>\n<p>N&rsquo;h\u00e9sitez pas \u00e0 nous contacter par t\u00e9l\u00e9phone ou par e-mail pour discuter de vos projets et de vos id\u00e9es. Ensemble, nous d\u00e9veloppons des solutions sur mesure qui r\u00e9pondent aux nouvelles exigences et cr\u00e9ent une valeur durable.<\/p>\n\t\t\t\t\t\t\t\t<\/div>\n\t\t\t\t<\/div>\n\t\t\t\t<\/div>\n\t\t\t\t\t<\/div>\n\t\t\t\t<\/div>\n\t\t\t\t\t<\/div>\n\t\t\t\t<\/div>\n\t\t\t\t<\/div>\n\t\t","protected":false},"excerpt":{"rendered":"<p>IMMOBILIER R\u00c9SIDENTIEL \u00c0 HAMBOURG : VOTRE PARTENAIRE POUR DES NOUVELLES CONSTRUCTIONS ET R\u00c9NOVATIONS DES SOLUTIONS INNOVANTES POUR L&rsquo;AVENIR DU COMMERCE DE D\u00c9TAIL ET DE LA RESTAURATION En tant que cabinet d&rsquo;architectes hans\u00e9atique disposant d&rsquo;une vaste exp\u00e9rience dans la construction de centres commerciaux et d&rsquo;espaces de vente au d\u00e9tail, nous vous proposons des solutions sur mesure [&hellip;]<\/p>\n","protected":false},"author":1,"featured_media":0,"parent":2567,"menu_order":0,"comment_status":"closed","ping_status":"closed","template":"","meta":{"_acf_changed":false,"footnotes":""},"class_list":["post-2513","page","type-page","status-publish","hentry"],"acf":[],"_links":{"self":[{"href":"https:\/\/tpb-hamburg.com\/fr\/wp-json\/wp\/v2\/pages\/2513","targetHints":{"allow":["GET"]}}],"collection":[{"href":"https:\/\/tpb-hamburg.com\/fr\/wp-json\/wp\/v2\/pages"}],"about":[{"href":"https:\/\/tpb-hamburg.com\/fr\/wp-json\/wp\/v2\/types\/page"}],"author":[{"embeddable":true,"href":"https:\/\/tpb-hamburg.com\/fr\/wp-json\/wp\/v2\/users\/1"}],"replies":[{"embeddable":true,"href":"https:\/\/tpb-hamburg.com\/fr\/wp-json\/wp\/v2\/comments?post=2513"}],"version-history":[{"count":3,"href":"https:\/\/tpb-hamburg.com\/fr\/wp-json\/wp\/v2\/pages\/2513\/revisions"}],"predecessor-version":[{"id":2696,"href":"https:\/\/tpb-hamburg.com\/fr\/wp-json\/wp\/v2\/pages\/2513\/revisions\/2696"}],"up":[{"embeddable":true,"href":"https:\/\/tpb-hamburg.com\/fr\/wp-json\/wp\/v2\/pages\/2567"}],"wp:attachment":[{"href":"https:\/\/tpb-hamburg.com\/fr\/wp-json\/wp\/v2\/media?parent=2513"}],"curies":[{"name":"wp","href":"https:\/\/api.w.org\/{rel}","templated":true}]}}